{"id":17314,"date":"2021-08-27T11:42:20","date_gmt":"2021-08-27T04:42:20","guid":{"rendered":"https:\/\/terrashells.com\/product\/shell-frames-mirrors\/"},"modified":"2025-08-27T12:14:53","modified_gmt":"2025-08-27T05:14:53","slug":"khung-vo-guong","status":"publish","type":"product","link":"https:\/\/terrashells.com\/vi\/product\/khung-vo-guong\/","title":{"rendered":"Khung v\u1ecf &#038; g\u01b0\u01a1ng"},"content":{"rendered":"\t\t<div data-elementor-type=\"wp-post\" data-elementor-id=\"17314\" class=\"elementor elementor-17314 elementor-334\" data-elementor-post-type=\"product\">\n\t\t\t\t<div class=\"wd-negative-gap elementor-element elementor-element-2a51e47 e-flex e-con-boxed e-con e-parent\" data-id=\"2a51e47\" data-element_type=\"container\">\n\t\t\t\t\t<div class=\"e-con-inner\">\n\t\t<div class=\"elementor-element elementor-element-01fc7d0 e-con-full e-flex e-con e-child\" data-id=\"01fc7d0\" data-element_type=\"container\">\n\t\t\t\t<div class=\"elementor-element elementor-element-3d26ce2 elementor-widget elementor-widget-wd_text_block\" data-id=\"3d26ce2\" data-element_type=\"widget\" data-widget_type=\"wd_text_block.default\">\n\t\t\t\t<div class=\"elementor-widget-container\">\n\t\t\t\t\t\t\t<div class=\"wd-text-block reset-last-child text-left\">\n\t\t\t\n\t\t\t<h3>VESTIBULUM TEMPUS METUS<\/h3><ul class=\"unordered-list\"><li>\u0110\u01b0\u1ee3c ch\u1ebf t\u00e1c b\u1edfi nh\u1eefng ngh\u1ec7 nh\u00e2n l\u00e0nh ngh\u1ec1, chi\u1ebfc g\u01b0\u01a1ng n\u00e0y k\u1ebft h\u1ee3p k\u1ebft c\u1ea5u t\u1ef1 nhi\u00ean v\u1edbi s\u1ef1 thanh l\u1ecbch v\u01b0\u1ee3t th\u1eddi gian. V\u1ecf s\u00f2 \u0111\u01b0\u1ee3c ph\u1ee7 m\u1ed9t l\u1edbp b\u1ea3o v\u1ec7 \u0111\u1ec3 gi\u1eef \u0111\u01b0\u1ee3c \u0111\u1ed9 b\u00f3ng v\u00e0 \u0111\u1ed9 b\u1ec1n, \u0111\u1ea3m b\u1ea3o ch\u00fang ch\u1ecbu \u0111\u01b0\u1ee3c \u0111\u1ed9 \u1ea9m v\u00e0 s\u1eed d\u1ee5ng h\u00e0ng ng\u00e0y. M\u1eb7t sau b\u1eb1ng g\u1ed7 c\u1ee7a g\u01b0\u01a1ng \u0111\u01b0\u1ee3c l\u00e0m t\u1eeb g\u1ed7 l\u0169a khai hoang, mang \u0111\u1ebfn n\u00e9t quy\u1ebfn r\u0169 m\u1ed9c m\u1ea1c v\u00e0 s\u1ef1 b\u1ec1n v\u1eefng.<br \/><br \/>Ho\u00e0n h\u1ea3o cho ph\u00f2ng t\u1eafm, l\u1ed1i v\u00e0o ho\u1eb7c kh\u00f4ng gian theo ch\u1ee7 \u0111\u1ec1 b\u1edd bi\u1ec3n, chi\u1ebfc g\u01b0\u01a1ng n\u00e0y mang \u0111\u1ebfn n\u00e9t tinh t\u1ebf c\u1ee7a b\u00e3i bi\u1ec3n. M\u1ed7i m\u1ea3nh c\u00f3 s\u1ef1 kh\u00e1c bi\u1ec7t nh\u1ecf v\u1ec1 c\u00e1ch s\u1eafp x\u1ebfp v\u1ecf s\u00f2 v\u00e0 m\u00e0u s\u1eafc, khi\u1ebfn s\u1ea3n ph\u1ea9m c\u1ee7a b\u1ea1n th\u1ef1c s\u1ef1 \u0111\u1ed9c \u0111\u00e1o.<br \/><br \/>K\u00edch th\u01b0\u1edbc: \u0111\u01b0\u1eddng k\u00ednh 24\"<br \/>Ch\u1ea5t li\u1ec7u: V\u1ecf s\u00f2 \u0111i\u1ec7p, b\u00e0o ng\u01b0, \u1ed1c x\u00e0 c\u1eeb, g\u1ed7 khai hoang, g\u01b0\u01a1ng th\u1ee7y tinh<br \/>C\u00e1ch b\u1ea3o qu\u1ea3n: Lau b\u1eb1ng kh\u0103n kh\u00f4; tr\u00e1nh h\u00f3a ch\u1ea5t m\u1ea1nh<\/li><\/ul>\n\t\t\t\t\t<\/div>\n\t\t\t\t\t\t<\/div>\n\t\t\t\t<\/div>\n\t\t\t\t<\/div>\n\t\t<div class=\"elementor-element elementor-element-8e7cad6 e-con-full e-flex e-con e-child\" data-id=\"8e7cad6\" data-element_type=\"container\">\n\t\t\t\t<div class=\"elementor-element elementor-element-8c781c7 elementor-widget elementor-widget-wd_image_or_svg\" data-id=\"8c781c7\" data-element_type=\"widget\" data-widget_type=\"wd_image_or_svg.default\">\n\t\t\t\t<div class=\"elementor-widget-container\">\n\t\t\t\t\t\n\t\t<div class=\"wd-image text-left\">\n\t\t\t\t\t\t\t\t<img fetchpriority=\"high\" decoding=\"async\" width=\"700\" height=\"800\" src=\"https:\/\/terrashells.com\/wp-content\/uploads\/2021\/08\/decoration-wooden-presen-1.jpg\" class=\"attachment-full size-full\" alt=\"\" srcset=\"https:\/\/terrashells.com\/wp-content\/uploads\/2021\/08\/decoration-wooden-presen-1.jpg 700w, https:\/\/terrashells.com\/wp-content\/uploads\/2021\/08\/decoration-wooden-presen-1-430x491.jpg 430w, https:\/\/terrashells.com\/wp-content\/uploads\/2021\/08\/decoration-wooden-presen-1-150x171.jpg 150w\" sizes=\"(max-width: 700px) 100vw, 700px\" \/>\t\t\t\t\t<\/div>\n\n\t\t\t\t\t\t<\/div>\n\t\t\t\t<\/div>\n\t\t\t\t<\/div>\n\t\t<div class=\"elementor-element elementor-element-d9a59bb e-con-full e-flex e-con e-child\" data-id=\"d9a59bb\" data-element_type=\"container\">\n\t\t\t\t<div class=\"elementor-element elementor-element-cb83973 elementor-widget elementor-widget-wd_image_or_svg\" data-id=\"cb83973\" data-element_type=\"widget\" data-widget_type=\"wd_image_or_svg.default\">\n\t\t\t\t<div class=\"elementor-widget-container\">\n\t\t\t\t\t\n\t\t<div class=\"wd-image text-left\">\n\t\t\t\t\t\t\t\t<img decoding=\"async\" width=\"700\" height=\"800\" src=\"https:\/\/terrashells.com\/wp-content\/uploads\/2021\/08\/decoration-wooden-presen-2.jpg\" class=\"attachment-full size-full\" alt=\"\" srcset=\"https:\/\/terrashells.com\/wp-content\/uploads\/2021\/08\/decoration-wooden-presen-2.jpg 700w, https:\/\/terrashells.com\/wp-content\/uploads\/2021\/08\/decoration-wooden-presen-2-430x491.jpg 430w, https:\/\/terrashells.com\/wp-content\/uploads\/2021\/08\/decoration-wooden-presen-2-150x171.jpg 150w\" sizes=\"(max-width: 700px) 100vw, 700px\" \/>\t\t\t\t\t<\/div>\n\n\t\t\t\t\t\t<\/div>\n\t\t\t\t<\/div>\n\t\t\t\t<\/div>\n\t\t\t\t\t<\/div>\n\t\t\t\t<\/div>\n\t\t\t\t<\/div>\n\t\t","protected":false},"excerpt":{"rendered":"<p>Mang s\u1ef1 thanh b\u00ecnh c\u1ee7a b\u1edd bi\u1ec3n v\u00e0o ng\u00f4i nh\u00e0 c\u1ee7a b\u1ea1n v\u1edbi G\u01b0\u01a1ng treo t\u01b0\u1eddng v\u1ecf s\u00f2 th\u1ee7 c\u00f4ng c\u1ee7a ch\u00fang t\u00f4i. M\u1ed7i s\u1ea3n ph\u1ea9m l\u00e0 m\u1ed9t t\u00e1c ph\u1ea9m ngh\u1ec7 thu\u1eadt \u0111\u1ed9c \u0111\u00e1o, \u0111\u01b0\u1ee3c trang tr\u00ed t\u1ec9 m\u1ec9 b\u1eb1ng kh\u1ea3m v\u1ecf s\u00f2 \u0111i\u1ec7p, m\u1ea3nh v\u1ecf \u1ed1c x\u00e0 c\u1eeb v\u00e0 b\u00e0o ng\u01b0 \u00f3ng \u00e1nh c\u00f3 ngu\u1ed3n g\u1ed1c \u0111\u1ea1o \u0111\u1ee9c. C\u00e1c v\u1ecf s\u00f2 \u0111\u01b0\u1ee3c s\u1eafp x\u1ebfp c\u1ea9n th\u1eadn \u0111\u1ec3 t\u1ea1o hi\u1ec7u \u1ee9ng \u00e1nh n\u1eafng m\u1eb7t tr\u1eddi xung quanh g\u01b0\u01a1ng tr\u00f2n, g\u1ee3i l\u00ean \u00e1nh s\u00e1ng l\u1ea5p l\u00e1nh c\u1ee7a \u00e1nh n\u1eafng m\u1eb7t tr\u1eddi tr\u00ean s\u00f3ng bi\u1ec3n.<\/p>\n","protected":false},"featured_media":16927,"comment_status":"open","ping_status":"closed","template":"","meta":[],"product_brand":[],"product_cat":[229],"product_tag":[],"class_list":{"0":"post-17314","1":"product","2":"type-product","3":"status-publish","4":"has-post-thumbnail","6":"product_cat-khung-guong-vo-so","8":"first","9":"instock","10":"shipping-taxable","11":"purchasable","12":"product-type-simple"},"_links":{"self":[{"href":"https:\/\/terrashells.com\/vi\/wp-json\/wp\/v2\/product\/17314","targetHints":{"allow":["GET"]}}],"collection":[{"href":"https:\/\/terrashells.com\/vi\/wp-json\/wp\/v2\/product"}],"about":[{"href":"https:\/\/terrashells.com\/vi\/wp-json\/wp\/v2\/types\/product"}],"replies":[{"embeddable":true,"href":"https:\/\/terrashells.com\/vi\/wp-json\/wp\/v2\/comments?post=17314"}],"version-history":[{"count":5,"href":"https:\/\/terrashells.com\/vi\/wp-json\/wp\/v2\/product\/17314\/revisions"}],"predecessor-version":[{"id":17356,"href":"https:\/\/terrashells.com\/vi\/wp-json\/wp\/v2\/product\/17314\/revisions\/17356"}],"wp:featuredmedia":[{"embeddable":true,"href":"https:\/\/terrashells.com\/vi\/wp-json\/wp\/v2\/media\/16927"}],"wp:attachment":[{"href":"https:\/\/terrashells.com\/vi\/wp-json\/wp\/v2\/media?parent=17314"}],"wp:term":[{"taxonomy":"product_brand","embeddable":true,"href":"https:\/\/terrashells.com\/vi\/wp-json\/wp\/v2\/product_brand?post=17314"},{"taxonomy":"product_cat","embeddable":true,"href":"https:\/\/terrashells.com\/vi\/wp-json\/wp\/v2\/product_cat?post=17314"},{"taxonomy":"product_tag","embeddable":true,"href":"https:\/\/terrashells.com\/vi\/wp-json\/wp\/v2\/product_tag?post=17314"}],"curies":[{"name":"wp","href":"https:\/\/api.w.org\/{rel}","templated":true}]}}